{"id":993,"date":"2026-02-23T14:49:01","date_gmt":"2026-02-23T13:49:01","guid":{"rendered":"https:\/\/gisselfeld-kloster.dk.web06.webtohosting.dk\/event-fest\/lokaler\/peder-oxe-hallen\/"},"modified":"2026-04-22T14:23:22","modified_gmt":"2026-04-22T12:23:22","slug":"peder-oxes-hall","status":"publish","type":"page","link":"https:\/\/gisselfeld-kloster.dk\/en\/event-fest\/lokaler\/peder-oxe-hallen\/","title":{"rendered":"Peder Oxe Hall"},"content":{"rendered":"<style>.kb-row-layout-id993_30cf78-70 > .kt-row-column-wrap{align-content:start;}:where(.kb-row-layout-id993_30cf78-70 > .kt-row-column-wrap) > .wp-block-kadence-column{justify-content:start;}.kb-row-layout-id993_30cf78-70 > .kt-row-column-wrap{column-gap:var(--global-kb-gap-lg, 4rem);row-gap:var(--global-kb-gap-lg, 4rem);max-width:var( --global-content-width, 1550px );padding-left:var(--global-content-edge-padding);padding-right:var(--global-content-edge-padding);padding-top:var(--global-kb-spacing-3xl, 6.5rem);padding-bottom:var(--global-kb-spacing-3xl, 6.5rem);grid-template-columns:repeat(2, minmax(0, 1fr));}.kb-row-layout-id993_30cf78-70 > .kt-row-layout-overlay{opacity:0.30;}@media all and (max-width: 1024px){.kb-row-layout-id993_30cf78-70 > .kt-row-column-wrap{column-gap:var(--global-kb-gap-md, 2rem);row-gap:var(--global-kb-gap-none, 0rem );padding-top:var(--global-kb-spacing-xl, 4rem);padding-bottom:var(--global-kb-spacing-xl, 4rem);grid-template-columns:minmax(0, 1fr);}}@media all and (max-width: 767px){.kb-row-layout-id993_30cf78-70 > .kt-row-column-wrap{column-gap:var(--global-kb-gap-md, 2rem);row-gap:var(--global-kb-gap-none, 0rem );padding-top:var(--global-kb-spacing-lg, 3rem);padding-bottom:var(--global-kb-spacing-lg, 3rem);grid-template-columns:minmax(0, 1fr);}}<\/style><div class=\"kb-row-layout-wrap kb-row-layout-id993_30cf78-70 alignnone wp-block-kadence-rowlayout\"><div class=\"kt-row-column-wrap kt-has-2-columns kt-row-layout-equal kt-tab-layout-row kt-mobile-layout-row kt-row-valign-top kb-theme-content-width\">\n<style>.kadence-column993_c77dfd-1d > .kt-inside-inner-col,.kadence-column993_c77dfd-1d > .kt-inside-inner-col:before{border-top-left-radius:0px;border-top-right-radius:0px;border-bottom-right-radius:0px;border-bottom-left-radius:0px;}.kadence-column993_c77dfd-1d > .kt-inside-inner-col{column-gap:var(--global-kb-gap-sm, 1rem);}.kadence-column993_c77dfd-1d > .kt-inside-inner-col{flex-direction:column;}.kadence-column993_c77dfd-1d > .kt-inside-inner-col > .aligncenter{width:100%;}.kadence-column993_c77dfd-1d > .kt-inside-inner-col:before{opacity:0.3;}.kadence-column993_c77dfd-1d{position:relative;}@media all and (max-width: 1024px){.kadence-column993_c77dfd-1d > .kt-inside-inner-col{flex-direction:column;justify-content:center;}}@media all and (max-width: 767px){.kadence-column993_c77dfd-1d > .kt-inside-inner-col{flex-direction:column;justify-content:center;}}<\/style>\n<div class=\"wp-block-kadence-column kadence-column993_c77dfd-1d\"><div class=\"kt-inside-inner-col\"><style>.wp-block-kadence-advancedheading.kt-adv-heading993_5cfcd6-78, .wp-block-kadence-advancedheading.kt-adv-heading993_5cfcd6-78[data-kb-block=\"kb-adv-heading993_5cfcd6-78\"]{max-width:420px;font-size:var(--global-kb-font-size-xl, 3rem);font-style:normal;}.wp-block-kadence-advancedheading.kt-adv-heading993_5cfcd6-78 mark.kt-highlight, .wp-block-kadence-advancedheading.kt-adv-heading993_5cfcd6-78[data-kb-block=\"kb-adv-heading993_5cfcd6-78\"] mark.kt-highlight{font-style:normal;color:#f76a0c;-webkit-box-decoration-break:clone;box-decoration-break:clone;padding-top:0px;padding-right:0px;padding-bottom:0px;padding-left:0px;}.wp-block-kadence-advancedheading.kt-adv-heading993_5cfcd6-78 img.kb-inline-image, .wp-block-kadence-advancedheading.kt-adv-heading993_5cfcd6-78[data-kb-block=\"kb-adv-heading993_5cfcd6-78\"] img.kb-inline-image{width:150px;vertical-align:baseline;}<\/style>\n<h2 class=\"kt-adv-heading993_5cfcd6-78 wp-block-kadence-advancedheading\" data-kb-block=\"kb-adv-heading993_5cfcd6-78\">Peder Oxe Hallen &#8211; Storsl\u00e5et autencitet<\/h2>\n\n\n\n<p>Kan rumme 550 siddende g\u00e6ster p\u00e5 r\u00e6kker og 450 g\u00e6ster ved borde.<\/p>\n\n\n<style>.kadence-column993_95b6e0-a5 > .kt-inside-inner-col,.kadence-column993_95b6e0-a5 > .kt-inside-inner-col:before{border-top-left-radius:0px;border-top-right-radius:0px;border-bottom-right-radius:0px;border-bottom-left-radius:0px;}.kadence-column993_95b6e0-a5 > .kt-inside-inner-col{column-gap:var(--global-kb-gap-sm, 1rem);}.kadence-column993_95b6e0-a5 > .kt-inside-inner-col{flex-direction:column;}.kadence-column993_95b6e0-a5 > .kt-inside-inner-col > .aligncenter{width:100%;}.kadence-column993_95b6e0-a5 > .kt-inside-inner-col:before{opacity:0.3;}.kadence-column993_95b6e0-a5{position:relative;}@media all and (max-width: 1024px){.kadence-column993_95b6e0-a5 > .kt-inside-inner-col{flex-direction:column;justify-content:center;}}@media all and (max-width: 767px){.kadence-column993_95b6e0-a5 > .kt-inside-inner-col{flex-direction:column;justify-content:center;}}<\/style>\n<div class=\"wp-block-kadence-column kadence-column993_95b6e0-a5 kvs-md-false kvs-sm-false\"><div class=\"kt-inside-inner-col\"><style>.wp-block-kadence-advancedbtn.kb-btns993_e96315-75{gap:var(--global-kb-gap-xs, 0.5rem );justify-content:flex-start;align-items:center;}.kt-btns993_e96315-75 .kt-button{font-weight:normal;font-style:normal;}.kt-btns993_e96315-75 .kt-btn-wrap-0{margin-right:5px;}.wp-block-kadence-advancedbtn.kt-btns993_e96315-75 .kt-btn-wrap-0 .kt-button{color:#555555;border-color:#555555;}.wp-block-kadence-advancedbtn.kt-btns993_e96315-75 .kt-btn-wrap-0 .kt-button:hover, .wp-block-kadence-advancedbtn.kt-btns993_e96315-75 .kt-btn-wrap-0 .kt-button:focus{color:#ffffff;border-color:#444444;}.wp-block-kadence-advancedbtn.kt-btns993_e96315-75 .kt-btn-wrap-0 .kt-button::before{display:none;}.wp-block-kadence-advancedbtn.kt-btns993_e96315-75 .kt-btn-wrap-0 .kt-button:hover, .wp-block-kadence-advancedbtn.kt-btns993_e96315-75 .kt-btn-wrap-0 .kt-button:focus{background:#444444;}<\/style>\n<div class=\"wp-block-kadence-advancedbtn kb-buttons-wrap kb-btns993_e96315-75\"><style>ul.menu .wp-block-kadence-advancedbtn .kb-btn993_c36f11-fd.kb-button{width:initial;}<\/style><a class=\"kb-button kt-button button kb-btn993_c36f11-fd kt-btn-size-standard kt-btn-width-type-auto kb-btn-global-inherit  kt-btn-has-text-true kt-btn-has-svg-false  wp-block-button__link wp-block-kadence-singlebtn\" href=\"https:\/\/gisselfeld-kloster.dk\/kontakt\/\"><span class=\"kt-btn-inner-text\">Kontakt os<\/span><\/a><\/div>\n<\/div><\/div>\n<\/div><\/div>\n\n\n<style>.kadence-column993_609a88-a5 > .kt-inside-inner-col,.kadence-column993_609a88-a5 > .kt-inside-inner-col:before{border-top-left-radius:0px;border-top-right-radius:0px;border-bottom-right-radius:0px;border-bottom-left-radius:0px;}.kadence-column993_609a88-a5 > .kt-inside-inner-col{column-gap:var(--global-kb-gap-sm, 1rem);}.kadence-column993_609a88-a5 > .kt-inside-inner-col{flex-direction:column;}.kadence-column993_609a88-a5 > .kt-inside-inner-col > .aligncenter{width:100%;}.kadence-column993_609a88-a5 > .kt-inside-inner-col:before{opacity:0.3;}.kadence-column993_609a88-a5{position:relative;}@media all and (max-width: 1024px){.kadence-column993_609a88-a5 > .kt-inside-inner-col{flex-direction:column;justify-content:center;}}@media all and (max-width: 767px){.kadence-column993_609a88-a5 > .kt-inside-inner-col{flex-direction:column;justify-content:center;}}<\/style>\n<div class=\"wp-block-kadence-column kadence-column993_609a88-a5\"><div class=\"kt-inside-inner-col\"><style>.wp-block-kadence-advancedheading.kt-adv-heading993_6ccdc3-03, .wp-block-kadence-advancedheading.kt-adv-heading993_6ccdc3-03[data-kb-block=\"kb-adv-heading993_6ccdc3-03\"]{font-style:normal;}.wp-block-kadence-advancedheading.kt-adv-heading993_6ccdc3-03 mark.kt-highlight, .wp-block-kadence-advancedheading.kt-adv-heading993_6ccdc3-03[data-kb-block=\"kb-adv-heading993_6ccdc3-03\"] mark.kt-highlight{font-style:normal;color:#f76a0c;-webkit-box-decoration-break:clone;box-decoration-break:clone;padding-top:0px;padding-right:0px;padding-bottom:0px;padding-left:0px;}.wp-block-kadence-advancedheading.kt-adv-heading993_6ccdc3-03 img.kb-inline-image, .wp-block-kadence-advancedheading.kt-adv-heading993_6ccdc3-03[data-kb-block=\"kb-adv-heading993_6ccdc3-03\"] img.kb-inline-image{width:150px;vertical-align:baseline;}<\/style>\n<p class=\"kt-adv-heading993_6ccdc3-03 wp-block-kadence-advancedheading\" data-kb-block=\"kb-adv-heading993_6ccdc3-03\">Den gamle Peder Oxe Hal var oprindeligt kornmagasin. Senere har den v\u00e6ret anvendt som ridehus og tennishal.<\/p>\n\n\n\n<p>I dag danner Peder Oxe Hallen en charmerende og autentisk ramme for st\u00f8rre events som messer, udstillinger, koncerter, konferencer, firmafester m.v.<\/p>\n\n\n\n<p>Hallen er smukt restaureret med moderne faciliteter og mulighed for opvarmning.<\/p>\n\n\n\n<p>Peder Oxe Hallen har plads til 550 siddende g\u00e6ster p\u00e5 r\u00e6kker eller 400 g\u00e6ster ved bordopd\u00e6kning. <\/p>\n\n\n\n<p>Rummet har egen scene, anretterk\u00f8kken og toiletter.<br>I forl\u00e6ngelse af Peder Oxe Hallen ligger de rustikke stalde, der kan bruges som supplement til hallen, f.eks. til modtagelse \/ velkomst af g\u00e6sterne eller garderobe.<\/p>\n<\/div><\/div>\n\n<\/div><\/div>\n\n<style>.kb-row-layout-id993_21b2d1-cf > .kt-row-column-wrap{align-content:start;}:where(.kb-row-layout-id993_21b2d1-cf > .kt-row-column-wrap) > .wp-block-kadence-column{justify-content:start;}.kb-row-layout-id993_21b2d1-cf > .kt-row-column-wrap{column-gap:var(--global-kb-gap-lg, 4rem);row-gap:var(--global-kb-gap-lg, 4rem);max-width:var( --global-content-width, 1550px );padding-left:var(--global-content-edge-padding);padding-right:var(--global-content-edge-padding);padding-top:var(--global-kb-spacing-3xl, 6.5rem);padding-bottom:var(--global-kb-spacing-3xl, 6.5rem);grid-template-columns:minmax(0, 1fr);}.kb-row-layout-id993_21b2d1-cf > .kt-row-layout-overlay{opacity:0.30;}@media all and (max-width: 1024px){.kb-row-layout-id993_21b2d1-cf > .kt-row-column-wrap{column-gap:var(--global-kb-gap-md, 2rem);row-gap:var(--global-kb-gap-md, 2rem);padding-top:var(--global-kb-spacing-xl, 4rem);padding-bottom:0px;grid-template-columns:minmax(0, 1fr);}}@media all and (max-width: 767px){.kb-row-layout-id993_21b2d1-cf > .kt-row-column-wrap{column-gap:var(--global-kb-gap-md, 2rem);row-gap:var(--global-kb-gap-md, 2rem);padding-top:var(--global-kb-spacing-lg, 3rem);padding-bottom:0px;grid-template-columns:minmax(0, 1fr);}}<\/style><div class=\"kb-row-layout-wrap kb-row-layout-id993_21b2d1-cf alignnone has-theme-palette7-background-color kt-row-has-bg wp-block-kadence-rowlayout\"><div class=\"kt-row-column-wrap kt-has-1-columns kt-row-layout-equal kt-tab-layout-inherit kt-mobile-layout-row kt-row-valign-top kb-theme-content-width\">\n<style>.kadence-column993_96ef5a-10 > .kt-inside-inner-col,.kadence-column993_96ef5a-10 > .kt-inside-inner-col:before{border-top-left-radius:0px;border-top-right-radius:0px;border-bottom-right-radius:0px;border-bottom-left-radius:0px;}.kadence-column993_96ef5a-10 > .kt-inside-inner-col{column-gap:var(--global-kb-gap-sm, 1rem);}.kadence-column993_96ef5a-10 > .kt-inside-inner-col{flex-direction:column;}.kadence-column993_96ef5a-10 > .kt-inside-inner-col > .aligncenter{width:100%;}.kadence-column993_96ef5a-10 > .kt-inside-inner-col:before{opacity:0.3;}.kadence-column993_96ef5a-10{position:relative;}@media all and (max-width: 1024px){.kadence-column993_96ef5a-10 > .kt-inside-inner-col{flex-direction:column;justify-content:center;}}@media all and (max-width: 767px){.kadence-column993_96ef5a-10 > .kt-inside-inner-col{flex-direction:column;justify-content:center;}}<\/style>\n<div class=\"wp-block-kadence-column kadence-column993_96ef5a-10\"><div class=\"kt-inside-inner-col\"><style>.kb-gallery-id-993_188abc-bb .kadence-blocks-gallery-item .kb-gal-image-radius, .kb-gallery-id-993_188abc-bb .kb-slide-item .kb-gal-image-radius img{border-radius:0px 0px 0px 0px;;}.kb-gallery-wrap-id-993_188abc-bb .kb-gallery-ul.kb-gallery-type-mosaic .grid-pattern-container{grid-auto-rows:175px;grid-gap:15px;gap:15px;}@media all and (max-width: 767px){.kb-gallery-wrap-id-993_188abc-bb .kb-gallery-ul.kb-gallery-type-mosaic .grid-pattern-container{grid-auto-rows:100px;}}<\/style><div class=\"kb-gallery-wrap-id-993_188abc-bb alignnone wp-block-kadence-advancedgallery\"><div class=\"kb-gallery-ul kb-gallery-non-static kb-gallery-type-mosaic kb-gallery-id-993_188abc-bb kb-gallery-caption-style-bottom-hover kb-gallery-filter-none kb-gallery-magnific-init\" data-image-filter=\"none\" data-lightbox-caption=\"false\"kb-mosaic-gallery grid-pattern-gallery\"><div class=\"grid-pattern-container\"><div class=\"kadence-blocks-gallery-item grid-item-wide\"><div class=\"kadence-blocks-gallery-item\"><div class=\"kadence-blocks-gallery-item-inner\"><figure class=\"kb-gallery-figure kb-gallery-item-has-link kadence-blocks-gallery-item-hide-caption\"><a href=\"https:\/\/gisselfeld-kloster.dk\/wp-content\/uploads\/Staldene.jpg\" class=\"kb-gallery-item-link\"   role=\"button\" aria-haspopup=\"dialog\"><div class=\"kb-gal-image-radius\"><div class=\"kb-gallery-image-contain kadence-blocks-gallery-intrinsic\" ><img decoding=\"async\" src=\"https:\/\/gisselfeld-kloster.dk\/wp-content\/uploads\/Staldene-1024x487.jpg\" width=\"1024\" height=\"487\" alt=\"\" data-full-image=\"https:\/\/gisselfeld-kloster.dk\/wp-content\/uploads\/Staldene.jpg\" data-light-image=\"https:\/\/gisselfeld-kloster.dk\/wp-content\/uploads\/Staldene.jpg\" data-id=\"2211\" class=\"wp-image-2211\" srcset=\"https:\/\/gisselfeld-kloster.dk\/wp-content\/uploads\/Staldene-1024x487.jpg 1024w, https:\/\/gisselfeld-kloster.dk\/wp-content\/uploads\/Staldene-300x143.jpg 300w, https:\/\/gisselfeld-kloster.dk\/wp-content\/uploads\/Staldene-768x365.jpg 768w, https:\/\/gisselfeld-kloster.dk\/wp-content\/uploads\/Staldene-18x9.jpg 18w, https:\/\/gisselfeld-kloster.dk\/wp-content\/uploads\/Staldene.jpg 1207w\" sizes=\"(max-width: 1024px) 100vw, 1024px\" \/><\/div><\/div><\/a><\/figure><\/div><\/div><\/div><div class=\"kadence-blocks-gallery-item grid-item-large\"><div class=\"kadence-blocks-gallery-item\"><div class=\"kadence-blocks-gallery-item-inner\"><figure class=\"kb-gallery-figure kb-gallery-item-has-link kadence-blocks-gallery-item-hide-caption\"><a href=\"https:\/\/gisselfeld-kloster.dk\/wp-content\/uploads\/Ridehuset_front.jpg\" class=\"kb-gallery-item-link\"   role=\"button\" aria-haspopup=\"dialog\"><div class=\"kb-gal-image-radius\"><div class=\"kb-gallery-image-contain kadence-blocks-gallery-intrinsic\" ><img decoding=\"async\" src=\"https:\/\/gisselfeld-kloster.dk\/wp-content\/uploads\/Ridehuset_front-1024x487.jpg\" width=\"1024\" height=\"487\" alt=\"\" data-full-image=\"https:\/\/gisselfeld-kloster.dk\/wp-content\/uploads\/Ridehuset_front.jpg\" data-light-image=\"https:\/\/gisselfeld-kloster.dk\/wp-content\/uploads\/Ridehuset_front.jpg\" data-id=\"2212\" class=\"wp-image-2212\" srcset=\"https:\/\/gisselfeld-kloster.dk\/wp-content\/uploads\/Ridehuset_front-1024x487.jpg 1024w, https:\/\/gisselfeld-kloster.dk\/wp-content\/uploads\/Ridehuset_front-300x143.jpg 300w, https:\/\/gisselfeld-kloster.dk\/wp-content\/uploads\/Ridehuset_front-768x365.jpg 768w, https:\/\/gisselfeld-kloster.dk\/wp-content\/uploads\/Ridehuset_front-18x9.jpg 18w, https:\/\/gisselfeld-kloster.dk\/wp-content\/uploads\/Ridehuset_front.jpg 1207w\" sizes=\"(max-width: 1024px) 100vw, 1024px\" \/><\/div><\/div><\/a><\/figure><\/div><\/div><\/div><div class=\"kadence-blocks-gallery-item grid-item-tall\"><div class=\"kadence-blocks-gallery-item\"><div class=\"kadence-blocks-gallery-item-inner\"><figure class=\"kb-gallery-figure kb-gallery-item-has-link kadence-blocks-gallery-item-hide-caption\"><a href=\"https:\/\/gisselfeld-kloster.dk\/wp-content\/uploads\/Ridehuset.jpg\" class=\"kb-gallery-item-link\"   role=\"button\" aria-haspopup=\"dialog\"><div class=\"kb-gal-image-radius\"><div class=\"kb-gallery-image-contain kadence-blocks-gallery-intrinsic\" ><img decoding=\"async\" src=\"https:\/\/gisselfeld-kloster.dk\/wp-content\/uploads\/Ridehuset-1024x487.jpg\" width=\"1024\" height=\"487\" alt=\"\" data-full-image=\"https:\/\/gisselfeld-kloster.dk\/wp-content\/uploads\/Ridehuset.jpg\" data-light-image=\"https:\/\/gisselfeld-kloster.dk\/wp-content\/uploads\/Ridehuset.jpg\" data-id=\"2213\" class=\"wp-image-2213\" srcset=\"https:\/\/gisselfeld-kloster.dk\/wp-content\/uploads\/Ridehuset-1024x487.jpg 1024w, https:\/\/gisselfeld-kloster.dk\/wp-content\/uploads\/Ridehuset-300x143.jpg 300w, https:\/\/gisselfeld-kloster.dk\/wp-content\/uploads\/Ridehuset-768x365.jpg 768w, https:\/\/gisselfeld-kloster.dk\/wp-content\/uploads\/Ridehuset-18x9.jpg 18w, https:\/\/gisselfeld-kloster.dk\/wp-content\/uploads\/Ridehuset.jpg 1207w\" sizes=\"(max-width: 1024px) 100vw, 1024px\" \/><\/div><\/div><\/a><\/figure><\/div><\/div><\/div><div class=\"kadence-blocks-gallery-item grid-item-small\"><div class=\"kadence-blocks-gallery-item\"><div class=\"kadence-blocks-gallery-item-inner\"><figure class=\"kb-gallery-figure kb-gallery-item-has-link kadence-blocks-gallery-item-hide-caption\"><a href=\"https:\/\/gisselfeld-kloster.dk\/wp-content\/uploads\/Ridehuset1.jpg\" class=\"kb-gallery-item-link\"   role=\"button\" aria-haspopup=\"dialog\"><div class=\"kb-gal-image-radius\"><div class=\"kb-gallery-image-contain kadence-blocks-gallery-intrinsic\" ><img decoding=\"async\" src=\"https:\/\/gisselfeld-kloster.dk\/wp-content\/uploads\/Ridehuset1-1024x487.jpg\" width=\"1024\" height=\"487\" alt=\"\" data-full-image=\"https:\/\/gisselfeld-kloster.dk\/wp-content\/uploads\/Ridehuset1.jpg\" data-light-image=\"https:\/\/gisselfeld-kloster.dk\/wp-content\/uploads\/Ridehuset1.jpg\" data-id=\"2214\" class=\"wp-image-2214\" srcset=\"https:\/\/gisselfeld-kloster.dk\/wp-content\/uploads\/Ridehuset1-1024x487.jpg 1024w, https:\/\/gisselfeld-kloster.dk\/wp-content\/uploads\/Ridehuset1-300x143.jpg 300w, https:\/\/gisselfeld-kloster.dk\/wp-content\/uploads\/Ridehuset1-768x365.jpg 768w, https:\/\/gisselfeld-kloster.dk\/wp-content\/uploads\/Ridehuset1-18x9.jpg 18w, https:\/\/gisselfeld-kloster.dk\/wp-content\/uploads\/Ridehuset1.jpg 1207w\" sizes=\"(max-width: 1024px) 100vw, 1024px\" \/><\/div><\/div><\/a><\/figure><\/div><\/div><\/div><div class=\"kadence-blocks-gallery-item grid-item-large\"><div class=\"kadence-blocks-gallery-item\"><div class=\"kadence-blocks-gallery-item-inner\"><figure class=\"kb-gallery-figure kb-gallery-item-has-link kadence-blocks-gallery-item-hide-caption\"><a href=\"https:\/\/gisselfeld-kloster.dk\/wp-content\/uploads\/Ridehuset2.jpg\" class=\"kb-gallery-item-link\"   role=\"button\" aria-haspopup=\"dialog\"><div class=\"kb-gal-image-radius\"><div class=\"kb-gallery-image-contain kadence-blocks-gallery-intrinsic\" ><img decoding=\"async\" src=\"https:\/\/gisselfeld-kloster.dk\/wp-content\/uploads\/Ridehuset2-1024x487.jpg\" width=\"1024\" height=\"487\" alt=\"\" data-full-image=\"https:\/\/gisselfeld-kloster.dk\/wp-content\/uploads\/Ridehuset2.jpg\" data-light-image=\"https:\/\/gisselfeld-kloster.dk\/wp-content\/uploads\/Ridehuset2.jpg\" data-id=\"2215\" class=\"wp-image-2215\" srcset=\"https:\/\/gisselfeld-kloster.dk\/wp-content\/uploads\/Ridehuset2-1024x487.jpg 1024w, https:\/\/gisselfeld-kloster.dk\/wp-content\/uploads\/Ridehuset2-300x143.jpg 300w, https:\/\/gisselfeld-kloster.dk\/wp-content\/uploads\/Ridehuset2-768x365.jpg 768w, https:\/\/gisselfeld-kloster.dk\/wp-content\/uploads\/Ridehuset2-18x9.jpg 18w, https:\/\/gisselfeld-kloster.dk\/wp-content\/uploads\/Ridehuset2.jpg 1207w\" sizes=\"(max-width: 1024px) 100vw, 1024px\" \/><\/div><\/div><\/a><\/figure><\/div><\/div><\/div><div class=\"kadence-blocks-gallery-item grid-item-small only-seven\"><div class=\"kadence-blocks-gallery-item\"><div class=\"kadence-blocks-gallery-item-inner\"><figure class=\"kb-gallery-figure kb-gallery-item-has-link kadence-blocks-gallery-item-hide-caption\"><a href=\"https:\/\/gisselfeld-kloster.dk\/wp-content\/uploads\/Ridehuset4.jpg\" class=\"kb-gallery-item-link\"   role=\"button\" aria-haspopup=\"dialog\"><div class=\"kb-gal-image-radius\"><div class=\"kb-gallery-image-contain kadence-blocks-gallery-intrinsic\" ><img decoding=\"async\" src=\"https:\/\/gisselfeld-kloster.dk\/wp-content\/uploads\/Ridehuset4-1024x487.jpg\" width=\"1024\" height=\"487\" alt=\"\" data-full-image=\"https:\/\/gisselfeld-kloster.dk\/wp-content\/uploads\/Ridehuset4.jpg\" data-light-image=\"https:\/\/gisselfeld-kloster.dk\/wp-content\/uploads\/Ridehuset4.jpg\" data-id=\"2216\" class=\"wp-image-2216\" srcset=\"https:\/\/gisselfeld-kloster.dk\/wp-content\/uploads\/Ridehuset4-1024x487.jpg 1024w, https:\/\/gisselfeld-kloster.dk\/wp-content\/uploads\/Ridehuset4-300x143.jpg 300w, https:\/\/gisselfeld-kloster.dk\/wp-content\/uploads\/Ridehuset4-768x365.jpg 768w, https:\/\/gisselfeld-kloster.dk\/wp-content\/uploads\/Ridehuset4-18x9.jpg 18w, https:\/\/gisselfeld-kloster.dk\/wp-content\/uploads\/Ridehuset4.jpg 1207w\" sizes=\"(max-width: 1024px) 100vw, 1024px\" \/><\/div><\/div><\/a><\/figure><\/div><\/div><\/div><div class=\"kadence-blocks-gallery-item grid-item-small\"><div class=\"kadence-blocks-gallery-item\"><div class=\"kadence-blocks-gallery-item-inner\"><figure class=\"kb-gallery-figure kb-gallery-item-has-link kadence-blocks-gallery-item-hide-caption\"><a href=\"https:\/\/gisselfeld-kloster.dk\/wp-content\/uploads\/Ridehuset5.jpg\" class=\"kb-gallery-item-link\"   role=\"button\" aria-haspopup=\"dialog\"><div class=\"kb-gal-image-radius\"><div class=\"kb-gallery-image-contain kadence-blocks-gallery-intrinsic\" ><img decoding=\"async\" src=\"https:\/\/gisselfeld-kloster.dk\/wp-content\/uploads\/Ridehuset5-1024x487.jpg\" width=\"1024\" height=\"487\" alt=\"\" data-full-image=\"https:\/\/gisselfeld-kloster.dk\/wp-content\/uploads\/Ridehuset5.jpg\" data-light-image=\"https:\/\/gisselfeld-kloster.dk\/wp-content\/uploads\/Ridehuset5.jpg\" data-id=\"2217\" class=\"wp-image-2217\" srcset=\"https:\/\/gisselfeld-kloster.dk\/wp-content\/uploads\/Ridehuset5-1024x487.jpg 1024w, https:\/\/gisselfeld-kloster.dk\/wp-content\/uploads\/Ridehuset5-300x143.jpg 300w, https:\/\/gisselfeld-kloster.dk\/wp-content\/uploads\/Ridehuset5-768x365.jpg 768w, https:\/\/gisselfeld-kloster.dk\/wp-content\/uploads\/Ridehuset5-18x9.jpg 18w, https:\/\/gisselfeld-kloster.dk\/wp-content\/uploads\/Ridehuset5.jpg 1207w\" sizes=\"(max-width: 1024px) 100vw, 1024px\" \/><\/div><\/div><\/a><\/figure><\/div><\/div><\/div><\/div><\/div><\/div><\/div><\/div>\n\n<\/div><\/div>","protected":false},"excerpt":{"rendered":"<p>Peder Oxe Hall \u2013 Magnificent Authenticity Can accommodate 550 guests seated in rows and 450 guests at tables. The old Peder Oxe Hall was originally a grain store. Later, it was used as a riding school and tennis hall. Today, Peder Oxe Hall provides a charming and authentic setting for larger events such as trade fairs, exhibitions, concerts, conferences, company parties\u2026<\/p>","protected":false},"author":1,"featured_media":0,"parent":992,"menu_order":6,"comment_status":"closed","ping_status":"closed","template":"","meta":{"_acf_changed":false,"inline_featured_image":false,"_kad_blocks_custom_css":"","_kad_blocks_head_custom_js":"","_kad_blocks_body_custom_js":"","_kad_blocks_footer_custom_js":"","_kad_post_transparent":"","_kad_post_title":"","_kad_post_layout":"","_kad_post_sidebar_id":"","_kad_post_content_style":"","_kad_post_vertical_padding":"","_kad_post_feature":"","_kad_post_feature_position":"","_kad_post_header":false,"_kad_post_footer":false,"_kad_post_classname":"","footnotes":""},"class_list":["post-993","page","type-page","status-publish","hentry"],"acf":[],"taxonomy_info":[],"featured_image_src_large":false,"author_info":{"display_name":"webto","author_link":"https:\/\/gisselfeld-kloster.dk\/en\/author\/webto\/"},"comment_info":0,"_links":{"self":[{"href":"https:\/\/gisselfeld-kloster.dk\/en\/wp-json\/wp\/v2\/pages\/993","targetHints":{"allow":["GET"]}}],"collection":[{"href":"https:\/\/gisselfeld-kloster.dk\/en\/wp-json\/wp\/v2\/pages"}],"about":[{"href":"https:\/\/gisselfeld-kloster.dk\/en\/wp-json\/wp\/v2\/types\/page"}],"author":[{"embeddable":true,"href":"https:\/\/gisselfeld-kloster.dk\/en\/wp-json\/wp\/v2\/users\/1"}],"replies":[{"embeddable":true,"href":"https:\/\/gisselfeld-kloster.dk\/en\/wp-json\/wp\/v2\/comments?post=993"}],"version-history":[{"count":10,"href":"https:\/\/gisselfeld-kloster.dk\/en\/wp-json\/wp\/v2\/pages\/993\/revisions"}],"predecessor-version":[{"id":2708,"href":"https:\/\/gisselfeld-kloster.dk\/en\/wp-json\/wp\/v2\/pages\/993\/revisions\/2708"}],"up":[{"embeddable":true,"href":"https:\/\/gisselfeld-kloster.dk\/en\/wp-json\/wp\/v2\/pages\/992"}],"wp:attachment":[{"href":"https:\/\/gisselfeld-kloster.dk\/en\/wp-json\/wp\/v2\/media?parent=993"}],"curies":[{"name":"wp","href":"https:\/\/api.w.org\/{rel}","templated":true}]}}