{"id":1298,"date":"2026-03-03T11:07:45","date_gmt":"2026-03-03T10:07:45","guid":{"rendered":"https:\/\/gisselfeld-kloster.dk.web06.webtohosting.dk\/?page_id=1298"},"modified":"2026-04-22T14:36:43","modified_gmt":"2026-04-22T12:36:43","slug":"forests","status":"publish","type":"page","link":"https:\/\/gisselfeld-kloster.dk\/en\/land-skov\/skovene\/","title":{"rendered":"The forests"},"content":{"rendered":"<style>.kb-row-layout-id1298_ba2b04-04 > .kt-row-column-wrap{align-content:start;}:where(.kb-row-layout-id1298_ba2b04-04 > .kt-row-column-wrap) > .wp-block-kadence-column{justify-content:start;}.kb-row-layout-id1298_ba2b04-04 > .kt-row-column-wrap{column-gap:var(--global-kb-gap-lg, 4rem);row-gap:var(--global-kb-gap-lg, 4rem);max-width:var( --global-content-width, 1550px );padding-left:var(--global-content-edge-padding);padding-right:var(--global-content-edge-padding);padding-top:var(--global-kb-spacing-3xl, 6.5rem);padding-bottom:var(--global-kb-spacing-3xl, 6.5rem);grid-template-columns:repeat(2, minmax(0, 1fr));}.kb-row-layout-id1298_ba2b04-04 > .kt-row-layout-overlay{opacity:0.30;}@media all and (max-width: 1024px){.kb-row-layout-id1298_ba2b04-04 > .kt-row-column-wrap{column-gap:var(--global-kb-gap-md, 2rem);row-gap:var(--global-kb-gap-md, 2rem);padding-top:var(--global-kb-spacing-xl, 4rem);padding-bottom:var(--global-kb-spacing-xl, 4rem);grid-template-columns:repeat(2, minmax(0, 1fr));}}@media all and (max-width: 767px){.kb-row-layout-id1298_ba2b04-04 > .kt-row-column-wrap{column-gap:var(--global-kb-gap-md, 2rem);row-gap:var(--global-kb-gap-md, 2rem);padding-top:var(--global-kb-spacing-lg, 3rem);padding-bottom:var(--global-kb-spacing-lg, 3rem);grid-template-columns:minmax(0, 1fr);}}<\/style><div class=\"kb-row-layout-wrap kb-row-layout-id1298_ba2b04-04 alignnone wp-block-kadence-rowlayout\"><div class=\"kt-row-column-wrap kt-has-2-columns kt-row-layout-equal kt-tab-layout-inherit kt-mobile-layout-row kt-row-valign-top kb-theme-content-width\">\n<style>.kadence-column1298_75a03f-83 > .kt-inside-inner-col,.kadence-column1298_75a03f-83 > .kt-inside-inner-col:before{border-top-left-radius:0px;border-top-right-radius:0px;border-bottom-right-radius:0px;border-bottom-left-radius:0px;}.kadence-column1298_75a03f-83 > .kt-inside-inner-col{column-gap:var(--global-kb-gap-sm, 1rem);}.kadence-column1298_75a03f-83 > .kt-inside-inner-col{flex-direction:column;}.kadence-column1298_75a03f-83 > .kt-inside-inner-col > .aligncenter{width:100%;}.kadence-column1298_75a03f-83 > .kt-inside-inner-col:before{opacity:0.3;}.kadence-column1298_75a03f-83{position:relative;}@media all and (max-width: 1024px){.kadence-column1298_75a03f-83 > .kt-inside-inner-col{flex-direction:column;justify-content:center;}}@media all and (max-width: 767px){.kadence-column1298_75a03f-83 > .kt-inside-inner-col{flex-direction:column;justify-content:center;}}<\/style>\n<div class=\"wp-block-kadence-column kadence-column1298_75a03f-83\"><div class=\"kt-inside-inner-col\"><style>.wp-block-kadence-advancedheading.kt-adv-heading1298_69a98d-12, .wp-block-kadence-advancedheading.kt-adv-heading1298_69a98d-12[data-kb-block=\"kb-adv-heading1298_69a98d-12\"]{font-size:var(--global-kb-font-size-xl, 3rem);font-style:normal;}.wp-block-kadence-advancedheading.kt-adv-heading1298_69a98d-12 mark.kt-highlight, .wp-block-kadence-advancedheading.kt-adv-heading1298_69a98d-12[data-kb-block=\"kb-adv-heading1298_69a98d-12\"] mark.kt-highlight{font-style:normal;color:#f76a0c;-webkit-box-decoration-break:clone;box-decoration-break:clone;padding-top:0px;padding-right:0px;padding-bottom:0px;padding-left:0px;}.wp-block-kadence-advancedheading.kt-adv-heading1298_69a98d-12 img.kb-inline-image, .wp-block-kadence-advancedheading.kt-adv-heading1298_69a98d-12[data-kb-block=\"kb-adv-heading1298_69a98d-12\"] img.kb-inline-image{width:150px;vertical-align:baseline;}<\/style>\n<h2 class=\"kt-adv-heading1298_69a98d-12 wp-block-kadence-advancedheading\" data-kb-block=\"kb-adv-heading1298_69a98d-12\">Gisselfeld Skovdistrikt<\/h2>\n\n\n\n<p>Skovarealet under Gisselfeld Kloster er privatejet og er langt den st\u00f8rste jordbrugsenhed p\u00e5 Gisselfeld Kloster. Skovbruget drives som traditionelt skovbrug med en stor produktion af juletr\u00e6er og pyntegr\u00f8nt.<\/p>\n\n\n\n<p>I private skove g\u00e6lder s\u00e6rlige regler for f\u00e6rdsel, og der henstilles til, at disse overholdes af skovenes g\u00e6ster.<\/p>\n\n\n\n<p>L\u00e6s om RIDEKORT, ruter og g\u00e6ldende priser <a href=\"https:\/\/gisselfeld-kloster.dk\/wp-content\/uploads\/Prisliste-RIDEKORT-23-Denne.pdf\" target=\"_blank\" rel=\"noreferrer noopener\">HER<\/a><\/p>\n<\/div><\/div>\n\n\n<style>.kadence-column1298_5fb78b-77 > .kt-inside-inner-col,.kadence-column1298_5fb78b-77 > .kt-inside-inner-col:before{border-top-left-radius:0px;border-top-right-radius:0px;border-bottom-right-radius:0px;border-bottom-left-radius:0px;}.kadence-column1298_5fb78b-77 > .kt-inside-inner-col{column-gap:var(--global-kb-gap-sm, 1rem);}.kadence-column1298_5fb78b-77 > .kt-inside-inner-col{flex-direction:column;}.kadence-column1298_5fb78b-77 > .kt-inside-inner-col > .aligncenter{width:100%;}.kadence-column1298_5fb78b-77 > .kt-inside-inner-col:before{opacity:0.3;}.kadence-column1298_5fb78b-77{position:relative;}@media all and (max-width: 1024px){.kadence-column1298_5fb78b-77 > .kt-inside-inner-col{flex-direction:column;justify-content:center;}}@media all and (max-width: 767px){.kadence-column1298_5fb78b-77 > .kt-inside-inner-col{flex-direction:column;justify-content:center;}}<\/style>\n<div class=\"wp-block-kadence-column kadence-column1298_5fb78b-77\"><div class=\"kt-inside-inner-col\"><style>.kb-gallery-id-1298_63f12e-b4 .kadence-blocks-gallery-item .kb-gal-image-radius, .kb-gallery-id-1298_63f12e-b4 .kb-slide-item .kb-gal-image-radius img{border-radius:0px 0px 0px 0px;;}.kb-gallery-wrap-id-1298_63f12e-b4 .kb-gallery-ul.kb-gallery-type-mosaic .grid-pattern-container{grid-auto-rows:150px;grid-gap:10px;gap:10px;}@media all and (max-width: 767px){.kb-gallery-wrap-id-1298_63f12e-b4 .kb-gallery-ul.kb-gallery-type-mosaic .grid-pattern-container{grid-auto-rows:100px;}}<\/style><div class=\"kb-gallery-wrap-id-1298_63f12e-b4 alignnone wp-block-kadence-advancedgallery\"><div class=\"kb-gallery-ul kb-gallery-non-static kb-gallery-type-mosaic kb-gallery-id-1298_63f12e-b4 kb-gallery-caption-style-bottom-hover kb-gallery-filter-none\" data-image-filter=\"none\" data-lightbox-caption=\"true\"kb-mosaic-gallery grid-pattern-gallery\"><div class=\"grid-pattern-container\"><div class=\"kadence-blocks-gallery-item grid-item-wide\"><div class=\"kadence-blocks-gallery-item\" tabindex=\"0\"><div class=\"kadence-blocks-gallery-item-inner\"><figure class=\"kb-gallery-figure kadence-blocks-gallery-item-hide-caption\"><div class=\"kb-gal-image-radius\"><div class=\"kb-gallery-image-contain kadence-blocks-gallery-intrinsic\" ><img decoding=\"async\" src=\"https:\/\/gisselfeld-kloster.dk\/wp-content\/uploads\/Skov2-1024x487.jpg\" width=\"1024\" height=\"487\" alt=\"\" data-full-image=\"https:\/\/gisselfeld-kloster.dk\/wp-content\/uploads\/Skov2.jpg\" data-light-image=\"https:\/\/gisselfeld-kloster.dk\/wp-content\/uploads\/Skov2.jpg\" data-id=\"2143\" class=\"wp-image-2143\" srcset=\"https:\/\/gisselfeld-kloster.dk\/wp-content\/uploads\/Skov2-1024x487.jpg 1024w, https:\/\/gisselfeld-kloster.dk\/wp-content\/uploads\/Skov2-300x143.jpg 300w, https:\/\/gisselfeld-kloster.dk\/wp-content\/uploads\/Skov2-768x365.jpg 768w, https:\/\/gisselfeld-kloster.dk\/wp-content\/uploads\/Skov2-18x9.jpg 18w, https:\/\/gisselfeld-kloster.dk\/wp-content\/uploads\/Skov2.jpg 1207w\" sizes=\"(max-width: 1024px) 100vw, 1024px\" \/><\/div><\/div><\/figure><\/div><\/div><\/div><div class=\"kadence-blocks-gallery-item grid-item-large\"><div class=\"kadence-blocks-gallery-item\" tabindex=\"0\"><div class=\"kadence-blocks-gallery-item-inner\"><figure class=\"kb-gallery-figure kadence-blocks-gallery-item-hide-caption\"><div class=\"kb-gal-image-radius\"><div class=\"kb-gallery-image-contain kadence-blocks-gallery-intrinsic\" ><img decoding=\"async\" src=\"https:\/\/gisselfeld-kloster.dk\/wp-content\/uploads\/Skov3-1024x487.jpg\" width=\"1024\" height=\"487\" alt=\"\" data-full-image=\"https:\/\/gisselfeld-kloster.dk\/wp-content\/uploads\/Skov3.jpg\" data-light-image=\"https:\/\/gisselfeld-kloster.dk\/wp-content\/uploads\/Skov3.jpg\" data-id=\"2145\" class=\"wp-image-2145\" srcset=\"https:\/\/gisselfeld-kloster.dk\/wp-content\/uploads\/Skov3-1024x487.jpg 1024w, https:\/\/gisselfeld-kloster.dk\/wp-content\/uploads\/Skov3-300x143.jpg 300w, https:\/\/gisselfeld-kloster.dk\/wp-content\/uploads\/Skov3-768x365.jpg 768w, https:\/\/gisselfeld-kloster.dk\/wp-content\/uploads\/Skov3-18x9.jpg 18w, https:\/\/gisselfeld-kloster.dk\/wp-content\/uploads\/Skov3.jpg 1207w\" sizes=\"(max-width: 1024px) 100vw, 1024px\" \/><\/div><\/div><\/figure><\/div><\/div><\/div><div class=\"kadence-blocks-gallery-item grid-item-tall only-three\"><div class=\"kadence-blocks-gallery-item\" tabindex=\"0\"><div class=\"kadence-blocks-gallery-item-inner\"><figure class=\"kb-gallery-figure kadence-blocks-gallery-item-hide-caption\"><div class=\"kb-gal-image-radius\"><div class=\"kb-gallery-image-contain kadence-blocks-gallery-intrinsic\" ><img decoding=\"async\" src=\"https:\/\/gisselfeld-kloster.dk\/wp-content\/uploads\/Skov5-1024x487.jpg\" width=\"1024\" height=\"487\" alt=\"\" data-full-image=\"https:\/\/gisselfeld-kloster.dk\/wp-content\/uploads\/Skov5.jpg\" data-light-image=\"https:\/\/gisselfeld-kloster.dk\/wp-content\/uploads\/Skov5.jpg\" data-id=\"2146\" class=\"wp-image-2146\" srcset=\"https:\/\/gisselfeld-kloster.dk\/wp-content\/uploads\/Skov5-1024x487.jpg 1024w, https:\/\/gisselfeld-kloster.dk\/wp-content\/uploads\/Skov5-300x143.jpg 300w, https:\/\/gisselfeld-kloster.dk\/wp-content\/uploads\/Skov5-768x365.jpg 768w, https:\/\/gisselfeld-kloster.dk\/wp-content\/uploads\/Skov5-18x9.jpg 18w, https:\/\/gisselfeld-kloster.dk\/wp-content\/uploads\/Skov5.jpg 1207w\" sizes=\"(max-width: 1024px) 100vw, 1024px\" \/><\/div><\/div><\/figure><\/div><\/div><\/div><\/div><\/div><\/div><\/div><\/div>\n\n<\/div><\/div>\n\n<style>.kb-row-layout-id1298_18eefd-94 > .kt-row-column-wrap{align-content:start;}:where(.kb-row-layout-id1298_18eefd-94 > .kt-row-column-wrap) > .wp-block-kadence-column{justify-content:start;}.kb-row-layout-id1298_18eefd-94 > .kt-row-column-wrap{column-gap:var(--global-kb-gap-lg, 4rem);row-gap:var(--global-kb-gap-lg, 4rem);max-width:800px;margin-left:auto;margin-right:auto;padding-top:var(--global-kb-spacing-3xl, 6.5rem);padding-bottom:var(--global-kb-spacing-3xl, 6.5rem);grid-template-columns:minmax(0, 1fr);}.kb-row-layout-id1298_18eefd-94 > .kt-row-layout-overlay{opacity:0.30;}@media all and (max-width: 1024px){.kb-row-layout-id1298_18eefd-94 > .kt-row-column-wrap{column-gap:var(--global-kb-gap-md, 2rem);row-gap:var(--global-kb-gap-md, 2rem);padding-top:var(--global-kb-spacing-xl, 4rem);padding-bottom:var(--global-kb-spacing-xl, 4rem);grid-template-columns:minmax(0, 1fr);}}@media all and (max-width: 767px){.kb-row-layout-id1298_18eefd-94 > .kt-row-column-wrap{column-gap:var(--global-kb-gap-md, 2rem);row-gap:var(--global-kb-gap-md, 2rem);padding-top:var(--global-kb-spacing-lg, 3rem);padding-bottom:var(--global-kb-spacing-lg, 3rem);grid-template-columns:minmax(0, 1fr);}}<\/style><div class=\"kb-row-layout-wrap kb-row-layout-id1298_18eefd-94 alignnone has-theme-palette8-background-color kt-row-has-bg wp-block-kadence-rowlayout\"><div class=\"kt-row-column-wrap kt-has-1-columns kt-row-layout-equal kt-tab-layout-inherit kt-mobile-layout-row kt-row-valign-top\">\n<style>.kadence-column1298_e81d16-2a > .kt-inside-inner-col,.kadence-column1298_e81d16-2a > .kt-inside-inner-col:before{border-top-left-radius:0px;border-top-right-radius:0px;border-bottom-right-radius:0px;border-bottom-left-radius:0px;}.kadence-column1298_e81d16-2a > .kt-inside-inner-col{column-gap:var(--global-kb-gap-sm, 1rem);}.kadence-column1298_e81d16-2a > .kt-inside-inner-col{flex-direction:column;}.kadence-column1298_e81d16-2a > .kt-inside-inner-col > .aligncenter{width:100%;}.kadence-column1298_e81d16-2a > .kt-inside-inner-col:before{opacity:0.3;}.kadence-column1298_e81d16-2a{position:relative;}@media all and (max-width: 1024px){.kadence-column1298_e81d16-2a > .kt-inside-inner-col{flex-direction:column;justify-content:center;}}@media all and (max-width: 767px){.kadence-column1298_e81d16-2a > .kt-inside-inner-col{flex-direction:column;justify-content:center;}}<\/style>\n<div class=\"wp-block-kadence-column kadence-column1298_e81d16-2a\"><div class=\"kt-inside-inner-col\"><style>.wp-block-kadence-advancedheading.kt-adv-heading1298_c9bca0-2d, .wp-block-kadence-advancedheading.kt-adv-heading1298_c9bca0-2d[data-kb-block=\"kb-adv-heading1298_c9bca0-2d\"]{font-size:var(--global-kb-font-size-xl, 3rem);font-style:normal;}.wp-block-kadence-advancedheading.kt-adv-heading1298_c9bca0-2d mark.kt-highlight, .wp-block-kadence-advancedheading.kt-adv-heading1298_c9bca0-2d[data-kb-block=\"kb-adv-heading1298_c9bca0-2d\"] mark.kt-highlight{font-style:normal;color:#f76a0c;-webkit-box-decoration-break:clone;box-decoration-break:clone;padding-top:0px;padding-right:0px;padding-bottom:0px;padding-left:0px;}.wp-block-kadence-advancedheading.kt-adv-heading1298_c9bca0-2d img.kb-inline-image, .wp-block-kadence-advancedheading.kt-adv-heading1298_c9bca0-2d[data-kb-block=\"kb-adv-heading1298_c9bca0-2d\"] img.kb-inline-image{width:150px;vertical-align:baseline;}<\/style>\n<h2 class=\"kt-adv-heading1298_c9bca0-2d wp-block-kadence-advancedheading\" data-kb-block=\"kb-adv-heading1298_c9bca0-2d\">Produktion af kvalitetstr\u00e6<\/h2>\n\n\n\n<p>Gisselfeld Skovdistrikts overordnede m\u00e5ls\u00e6tning tager udgangspunkt i en produktion af kvalitetstr\u00e6, kombineret med en vedligeholdelse af skoven, som bevarer og udvikler b\u00e5de de produktionsm\u00e6ssige og naturm\u00e6ssige v\u00e6rdier.<\/p>\n\n\n\n<p>Skovdistriktets faste bemanding udg\u00f8r i dag en skovfoged og seks faste medarbejdere. Desuden indkaldes hvert \u00e5r et st\u00f8rre antal l\u00f8sarbejdere i juletr\u00e6s- og pyntegr\u00f8nts\u00e6sonen, hvor der produceres hele 75.000 juletr\u00e6er og 150 ton pyntegr\u00f8nt \u00e5rligt. St\u00f8rstedelen af juletr\u00e6erne eksporteres og er i dag en v\u00e6sentlig del af Gisselfeld Skovdistrikts forretning. Skovproduktionen oparbejder ogs\u00e5 store m\u00e6ngder flis, der s\u00e6lges i hele lastvognstr\u00e6k til varmev\u00e6rker o.lign. Gisselfeld Slot, Avlsg\u00e5rd og tilh\u00f8rende bygninger opvarmes via flisfyr, hvoraf skovene leverer den n\u00f8dvendige m\u00e6ngde br\u00e6ndsel.<\/p>\n<\/div><\/div>\n\n<\/div><\/div>","protected":false},"excerpt":{"rendered":"<p>Gisselfeld Forest District The forest area under Gisselfeld Abbey is privately owned and is by far the largest agricultural unit at Gisselfeld Abbey. Forestry is managed as traditional forestry, with a large production of Christmas trees and festive greenery. Special rules apply to access in private forests, and visitors to the forests are urged to comply with these. Read about RIDING LICENCES, routes and current prices\u2026<\/p>","protected":false},"author":1,"featured_media":0,"parent":1008,"menu_order":0,"comment_status":"closed","ping_status":"closed","template":"","meta":{"_acf_changed":false,"inline_featured_image":false,"_kad_blocks_custom_css":"","_kad_blocks_head_custom_js":"","_kad_blocks_body_custom_js":"","_kad_blocks_footer_custom_js":"","_kad_post_transparent":"","_kad_post_title":"","_kad_post_layout":"","_kad_post_sidebar_id":"","_kad_post_content_style":"","_kad_post_vertical_padding":"","_kad_post_feature":"","_kad_post_feature_position":"","_kad_post_header":false,"_kad_post_footer":false,"_kad_post_classname":"","footnotes":""},"class_list":["post-1298","page","type-page","status-publish","hentry"],"acf":[],"taxonomy_info":[],"featured_image_src_large":false,"author_info":{"display_name":"webto","author_link":"https:\/\/gisselfeld-kloster.dk\/en\/author\/webto\/"},"comment_info":0,"_links":{"self":[{"href":"https:\/\/gisselfeld-kloster.dk\/en\/wp-json\/wp\/v2\/pages\/1298","targetHints":{"allow":["GET"]}}],"collection":[{"href":"https:\/\/gisselfeld-kloster.dk\/en\/wp-json\/wp\/v2\/pages"}],"about":[{"href":"https:\/\/gisselfeld-kloster.dk\/en\/wp-json\/wp\/v2\/types\/page"}],"author":[{"embeddable":true,"href":"https:\/\/gisselfeld-kloster.dk\/en\/wp-json\/wp\/v2\/users\/1"}],"replies":[{"embeddable":true,"href":"https:\/\/gisselfeld-kloster.dk\/en\/wp-json\/wp\/v2\/comments?post=1298"}],"version-history":[{"count":4,"href":"https:\/\/gisselfeld-kloster.dk\/en\/wp-json\/wp\/v2\/pages\/1298\/revisions"}],"predecessor-version":[{"id":2726,"href":"https:\/\/gisselfeld-kloster.dk\/en\/wp-json\/wp\/v2\/pages\/1298\/revisions\/2726"}],"up":[{"embeddable":true,"href":"https:\/\/gisselfeld-kloster.dk\/en\/wp-json\/wp\/v2\/pages\/1008"}],"wp:attachment":[{"href":"https:\/\/gisselfeld-kloster.dk\/en\/wp-json\/wp\/v2\/media?parent=1298"}],"curies":[{"name":"wp","href":"https:\/\/api.w.org\/{rel}","templated":true}]}}