{"id":1009,"date":"2026-02-23T14:49:09","date_gmt":"2026-02-23T13:49:09","guid":{"rendered":"https:\/\/gisselfeld-kloster.dk.web06.webtohosting.dk\/land-skov\/enge-og-folde\/"},"modified":"2026-04-22T14:37:21","modified_gmt":"2026-04-22T12:37:21","slug":"narrow-and-fold","status":"publish","type":"page","link":"https:\/\/gisselfeld-kloster.dk\/en\/land-skov\/enge-og-folde\/","title":{"rendered":"Narrow and fold"},"content":{"rendered":"<style>.kb-row-layout-id1009_fa825a-c5 > .kt-row-column-wrap{align-content:start;}:where(.kb-row-layout-id1009_fa825a-c5 > .kt-row-column-wrap) > .wp-block-kadence-column{justify-content:start;}.kb-row-layout-id1009_fa825a-c5 > .kt-row-column-wrap{column-gap:var(--global-kb-gap-lg, 4rem);row-gap:var(--global-kb-gap-lg, 4rem);max-width:var( --global-content-width, 1550px );padding-left:var(--global-content-edge-padding);padding-right:var(--global-content-edge-padding);padding-top:var(--global-kb-spacing-3xl, 6.5rem);padding-bottom:var(--global-kb-spacing-3xl, 6.5rem);grid-template-columns:repeat(2, minmax(0, 1fr));}.kb-row-layout-id1009_fa825a-c5 > .kt-row-layout-overlay{opacity:0.30;}@media all and (max-width: 1024px){.kb-row-layout-id1009_fa825a-c5 > .kt-row-column-wrap{column-gap:var(--global-kb-gap-md, 2rem);row-gap:var(--global-kb-gap-md, 2rem);padding-top:var(--global-kb-spacing-xl, 4rem);padding-bottom:var(--global-kb-spacing-xl, 4rem);grid-template-columns:repeat(2, minmax(0, 1fr));}}@media all and (max-width: 767px){.kb-row-layout-id1009_fa825a-c5 > .kt-row-column-wrap{column-gap:var(--global-kb-gap-md, 2rem);row-gap:var(--global-kb-gap-md, 2rem);padding-top:var(--global-kb-spacing-lg, 3rem);padding-bottom:var(--global-kb-spacing-lg, 3rem);grid-template-columns:minmax(0, 1fr);}}<\/style><div class=\"kb-row-layout-wrap kb-row-layout-id1009_fa825a-c5 alignnone wp-block-kadence-rowlayout\"><div class=\"kt-row-column-wrap kt-has-2-columns kt-row-layout-equal kt-tab-layout-inherit kt-mobile-layout-row kt-row-valign-top kt-inner-column-height-full kb-theme-content-width\">\n<style>.kadence-column1009_7b88d8-1b > .kt-inside-inner-col,.kadence-column1009_7b88d8-1b > .kt-inside-inner-col:before{border-top-left-radius:0px;border-top-right-radius:0px;border-bottom-right-radius:0px;border-bottom-left-radius:0px;}.kadence-column1009_7b88d8-1b > .kt-inside-inner-col{column-gap:var(--global-kb-gap-sm, 1rem);}.kadence-column1009_7b88d8-1b > .kt-inside-inner-col{flex-direction:column;}.kadence-column1009_7b88d8-1b > .kt-inside-inner-col > .aligncenter{width:100%;}.kadence-column1009_7b88d8-1b > .kt-inside-inner-col:before{opacity:0.3;}.kadence-column1009_7b88d8-1b{position:relative;}@media all and (max-width: 1024px){.kadence-column1009_7b88d8-1b > .kt-inside-inner-col{flex-direction:column;justify-content:center;}}@media all and (max-width: 767px){.kadence-column1009_7b88d8-1b > .kt-inside-inner-col{flex-direction:column;justify-content:center;}}<\/style>\n<div class=\"wp-block-kadence-column kadence-column1009_7b88d8-1b\"><div class=\"kt-inside-inner-col\"><style>.wp-block-kadence-advancedheading.kt-adv-heading1009_d3429d-93, .wp-block-kadence-advancedheading.kt-adv-heading1009_d3429d-93[data-kb-block=\"kb-adv-heading1009_d3429d-93\"]{font-size:var(--global-kb-font-size-xl, 3rem);font-style:normal;}.wp-block-kadence-advancedheading.kt-adv-heading1009_d3429d-93 mark.kt-highlight, .wp-block-kadence-advancedheading.kt-adv-heading1009_d3429d-93[data-kb-block=\"kb-adv-heading1009_d3429d-93\"] mark.kt-highlight{font-style:normal;color:#f76a0c;-webkit-box-decoration-break:clone;box-decoration-break:clone;padding-top:0px;padding-right:0px;padding-bottom:0px;padding-left:0px;}.wp-block-kadence-advancedheading.kt-adv-heading1009_d3429d-93 img.kb-inline-image, .wp-block-kadence-advancedheading.kt-adv-heading1009_d3429d-93[data-kb-block=\"kb-adv-heading1009_d3429d-93\"] img.kb-inline-image{width:150px;vertical-align:baseline;}<\/style>\n<h2 class=\"kt-adv-heading1009_d3429d-93 wp-block-kadence-advancedheading\" data-kb-block=\"kb-adv-heading1009_d3429d-93\">Gr\u00e6sningsmuligheder<\/h2>\n\n\n\n<p>Gisselfeld Landbrug r\u00e5der over arealer af forskellig st\u00f8rrelse og med varierede gr\u00e6sningsmuligheder. Derfor tilbydes der udlejning af gr\u00e6sning til kreaturer, f\u00e5r eller heste. <\/p>\n\n\n\n<p>Dele af Gisselfelds gr\u00e6sarealer udlejes ogs\u00e5 til sl\u00e6t.<\/p>\n<\/div><\/div>\n\n\n<style>.kadence-column1009_46c744-17 > .kt-inside-inner-col,.kadence-column1009_46c744-17 > .kt-inside-inner-col:before{border-top-left-radius:0px;border-top-right-radius:0px;border-bottom-right-radius:0px;border-bottom-left-radius:0px;}.kadence-column1009_46c744-17 > .kt-inside-inner-col{column-gap:var(--global-kb-gap-sm, 1rem);}.kadence-column1009_46c744-17 > .kt-inside-inner-col{flex-direction:column;}.kadence-column1009_46c744-17 > .kt-inside-inner-col > .aligncenter{width:100%;}.kadence-column1009_46c744-17 > .kt-inside-inner-col{background-image:url('https:\/\/gisselfeld-kloster.dk\/wp-content\/uploads\/engefolde.jpg');background-size:cover;background-position:19% 38%;background-attachment:scroll;background-repeat:no-repeat;}.kadence-column1009_46c744-17 > .kt-inside-inner-col:before{opacity:0.3;}.kadence-column1009_46c744-17{position:relative;}@media all and (max-width: 1024px){.kadence-column1009_46c744-17 > .kt-inside-inner-col{flex-direction:column;justify-content:center;}}@media all and (max-width: 767px){.kadence-column1009_46c744-17 > .kt-inside-inner-col{min-height:260px;flex-direction:column;justify-content:center;}}<\/style>\n<div class=\"wp-block-kadence-column kadence-column1009_46c744-17\"><div class=\"kt-inside-inner-col\"><\/div><\/div>\n\n<\/div><\/div>\n\n<style>.kb-row-layout-id1009_472b60-e2 > .kt-row-column-wrap{align-content:start;}:where(.kb-row-layout-id1009_472b60-e2 > .kt-row-column-wrap) > .wp-block-kadence-column{justify-content:start;}.kb-row-layout-id1009_472b60-e2 > .kt-row-column-wrap{column-gap:var(--global-kb-gap-lg, 4rem);row-gap:var(--global-kb-gap-lg, 4rem);max-width:800px;margin-left:auto;margin-right:auto;padding-top:var(--global-kb-spacing-3xl, 6.5rem);padding-bottom:var(--global-kb-spacing-3xl, 6.5rem);grid-template-columns:minmax(0, 1fr);}.kb-row-layout-id1009_472b60-e2 > .kt-row-layout-overlay{opacity:0.30;}@media all and (max-width: 1024px){.kb-row-layout-id1009_472b60-e2 > .kt-row-column-wrap{column-gap:var(--global-kb-gap-md, 2rem);row-gap:var(--global-kb-gap-md, 2rem);padding-top:var(--global-kb-spacing-xl, 4rem);padding-bottom:var(--global-kb-spacing-xl, 4rem);grid-template-columns:minmax(0, 1fr);}}@media all and (max-width: 767px){.kb-row-layout-id1009_472b60-e2 > .kt-row-column-wrap{column-gap:var(--global-kb-gap-md, 2rem);row-gap:var(--global-kb-gap-md, 2rem);padding-top:var(--global-kb-spacing-lg, 3rem);padding-bottom:var(--global-kb-spacing-lg, 3rem);grid-template-columns:minmax(0, 1fr);}}<\/style><div class=\"kb-row-layout-wrap kb-row-layout-id1009_472b60-e2 alignnone has-theme-palette8-background-color kt-row-has-bg wp-block-kadence-rowlayout\"><div class=\"kt-row-column-wrap kt-has-1-columns kt-row-layout-equal kt-tab-layout-inherit kt-mobile-layout-row kt-row-valign-top\">\n<style>.kadence-column1009_3d25b2-de > .kt-inside-inner-col,.kadence-column1009_3d25b2-de > .kt-inside-inner-col:before{border-top-left-radius:0px;border-top-right-radius:0px;border-bottom-right-radius:0px;border-bottom-left-radius:0px;}.kadence-column1009_3d25b2-de > .kt-inside-inner-col{column-gap:var(--global-kb-gap-sm, 1rem);}.kadence-column1009_3d25b2-de > .kt-inside-inner-col{flex-direction:column;}.kadence-column1009_3d25b2-de > .kt-inside-inner-col > .aligncenter{width:100%;}.kadence-column1009_3d25b2-de > .kt-inside-inner-col:before{opacity:0.3;}.kadence-column1009_3d25b2-de{position:relative;}@media all and (max-width: 1024px){.kadence-column1009_3d25b2-de > .kt-inside-inner-col{flex-direction:column;justify-content:center;}}@media all and (max-width: 767px){.kadence-column1009_3d25b2-de > .kt-inside-inner-col{flex-direction:column;justify-content:center;}}<\/style>\n<div class=\"wp-block-kadence-column kadence-column1009_3d25b2-de\"><div class=\"kt-inside-inner-col\"><style>.wp-block-kadence-advancedheading.kt-adv-heading1009_d006bb-32, .wp-block-kadence-advancedheading.kt-adv-heading1009_d006bb-32[data-kb-block=\"kb-adv-heading1009_d006bb-32\"]{font-size:var(--global-kb-font-size-xl, 3rem);font-style:normal;}.wp-block-kadence-advancedheading.kt-adv-heading1009_d006bb-32 mark.kt-highlight, .wp-block-kadence-advancedheading.kt-adv-heading1009_d006bb-32[data-kb-block=\"kb-adv-heading1009_d006bb-32\"] mark.kt-highlight{font-style:normal;color:#f76a0c;-webkit-box-decoration-break:clone;box-decoration-break:clone;padding-top:0px;padding-right:0px;padding-bottom:0px;padding-left:0px;}.wp-block-kadence-advancedheading.kt-adv-heading1009_d006bb-32 img.kb-inline-image, .wp-block-kadence-advancedheading.kt-adv-heading1009_d006bb-32[data-kb-block=\"kb-adv-heading1009_d006bb-32\"] img.kb-inline-image{width:150px;vertical-align:baseline;}<\/style>\n<h2 class=\"kt-adv-heading1009_d006bb-32 wp-block-kadence-advancedheading\" data-kb-block=\"kb-adv-heading1009_d006bb-32\">Professionel eller fritid<\/h2>\n\n\n\n<p>Gisselfeld Landbrug inkluderer ikke dyrehold, men r\u00e5der over store eng- og gr\u00e6sarealer bl.a. omkring Sus\u00e5, der er velegnede til afgr\u00e6sning af kreaturer, f\u00e5r og heste. Arealerne er velegnede til den professionelle kv\u00e6g- eller f\u00e5reavler, s\u00e5vel som til det mere hobbypr\u00e6gede, eksempelvis hestehold. Vi udbyder ogs\u00e5 gr\u00e6sarealer, hvor der er mulighed for at tage sl\u00e6t.<\/p>\n\n\n\n<p>Vil du vide mere om Gisselfeld Landbrugs enge og folde, kan du kontakte:<\/p>\n\n\n\n<p><a href=\"mailto:kl@gisselfeld-kloster.dk\">Landbrugschef Kim Lundby (for e-mail adresse, klik her) &gt;<\/a><\/p>\n\n\n\n<p>Mobil 40 55 60 53 eller Godskontoret p\u00e5 tlf. 56 32 60 32<\/p>\n<\/div><\/div>\n\n<\/div><\/div>","protected":false},"excerpt":{"rendered":"<p>Grazing opportunities Gisselfeld Agriculture has areas of varying size and with diverse grazing opportunities. Therefore, grazing is offered for cattle, sheep, or horses. Parts of Gisselfeld's grassland are also leased for mowing. Professional or leisure Gisselfeld Agriculture does not include animal husbandry but has large meadow and grassland areas, including around Sus\u00e5, which are suitable for grazing\u2026<\/p>","protected":false},"author":1,"featured_media":0,"parent":1008,"menu_order":22,"comment_status":"closed","ping_status":"closed","template":"","meta":{"_acf_changed":false,"inline_featured_image":false,"_kad_blocks_custom_css":"","_kad_blocks_head_custom_js":"","_kad_blocks_body_custom_js":"","_kad_blocks_footer_custom_js":"","_kad_post_transparent":"","_kad_post_title":"","_kad_post_layout":"","_kad_post_sidebar_id":"","_kad_post_content_style":"","_kad_post_vertical_padding":"","_kad_post_feature":"","_kad_post_feature_position":"","_kad_post_header":false,"_kad_post_footer":false,"_kad_post_classname":"","footnotes":""},"class_list":["post-1009","page","type-page","status-publish","hentry"],"acf":[],"taxonomy_info":[],"featured_image_src_large":false,"author_info":{"display_name":"webto","author_link":"https:\/\/gisselfeld-kloster.dk\/en\/author\/webto\/"},"comment_info":0,"_links":{"self":[{"href":"https:\/\/gisselfeld-kloster.dk\/en\/wp-json\/wp\/v2\/pages\/1009","targetHints":{"allow":["GET"]}}],"collection":[{"href":"https:\/\/gisselfeld-kloster.dk\/en\/wp-json\/wp\/v2\/pages"}],"about":[{"href":"https:\/\/gisselfeld-kloster.dk\/en\/wp-json\/wp\/v2\/types\/page"}],"author":[{"embeddable":true,"href":"https:\/\/gisselfeld-kloster.dk\/en\/wp-json\/wp\/v2\/users\/1"}],"replies":[{"embeddable":true,"href":"https:\/\/gisselfeld-kloster.dk\/en\/wp-json\/wp\/v2\/comments?post=1009"}],"version-history":[{"count":3,"href":"https:\/\/gisselfeld-kloster.dk\/en\/wp-json\/wp\/v2\/pages\/1009\/revisions"}],"predecessor-version":[{"id":2727,"href":"https:\/\/gisselfeld-kloster.dk\/en\/wp-json\/wp\/v2\/pages\/1009\/revisions\/2727"}],"up":[{"embeddable":true,"href":"https:\/\/gisselfeld-kloster.dk\/en\/wp-json\/wp\/v2\/pages\/1008"}],"wp:attachment":[{"href":"https:\/\/gisselfeld-kloster.dk\/en\/wp-json\/wp\/v2\/media?parent=1009"}],"curies":[{"name":"wp","href":"https:\/\/api.w.org\/{rel}","templated":true}]}}